{"id":203,"date":"2020-06-15T03:36:15","date_gmt":"2020-06-15T03:36:15","guid":{"rendered":"https:\/\/ribrandt.com\/wordpress\/?page_id=203"},"modified":"2024-07-27T02:36:21","modified_gmt":"2024-07-27T02:36:21","slug":"rio-orinoco","status":"publish","type":"page","link":"https:\/\/ribrandt.com\/wordpress\/rio-orinoco\/","title":{"rendered":"R\u00edo Orinoco"},"content":{"rendered":"\n<h3>Ribrandt Ship&#8217;s &#038; Broker Agent<\/h3>\n<p align=\"justify\">El r\u00edo Orinoco es el m\u00e1s grande de Venezuela, en tercer lugar en Am\u00e9rica del Sur, el quinto en el continente americano, el noveno del mundo. El r\u00edo Orinoco nace en el Estado Amazonas, y a partir de la confluencia del Guaviare forma frontera con Colombia hasta la confluencia con el Meta, a partir de la cual separa a los estados Apure, Gu\u00e1rico, Anzo\u00e1tegui y Monagas a la izquierda, del Estado Bol\u00edvar a la derecha. Cuando empieza el delta, se abre formando el Estado Delta Amacuro, ubicado entre Monagas a la izquierda del Ca\u00f1o Manamo y, por el lado derecho, el Estado Bol\u00edvar y la Guayana Esequiba (Guyana), aunque en este \u00faltimo sector, s\u00f3lo podr\u00edamos considerarlo v\u00e1lido si consideramos al r\u00edo Amacuro (que es el que forma frontera) como un afluente del Orinoco.<\/p>\n<p align=\"justify\">Su curso dibuja un gran arco, primero hacia el noroeste, luego hacia el oeste, hasta la triple confluencia con el Guaviare y el Atabapo, y luego hacia el norte a lo largo de la frontera venezolana con Colombia, hasta la confluencia con el Meta. A partir de la confluencia con el Apure, toma la direcci\u00f3n este-noreste hacia el oc\u00e9ano Atl\u00e1ntico, recorriendo un total de 2.140 km (el Orinoco-Guaviare tendr\u00eda m\u00e1s de 2.800 km de longitud). La desembocadura forma un inmenso delta ramificado en cientos de ramales, denominados ca\u00f1os, que cubren 41.000 km<sup>2<\/sup>\u00a0de selva h\u00fameda. La mayor\u00eda de los r\u00edos de Venezuela son tributarios del Orinoco; el m\u00e1s caudaloso es el r\u00edo Caron\u00ed.<\/p>\n<p align=\"justify\">Tiene una longitud de 2.100 kil\u00f3metros de su fuente, hasta la boca en Oc\u00e9ano Atl\u00e1ntico, que est\u00e1 dividida en dos secciones de longitud similar: El alto Orinoco y el bajo Orinoco. Ambas secciones est\u00e1n separadas por dos corrientes principales de su curso: Atures y Maipures, que son los obst\u00e1culos naturales que impiden la navegaci\u00f3n continua a lo largo del r\u00edo. La cuenca del Orinoco, una extensi\u00f3n de un mill\u00f3n de kil\u00f3metros cuadrados, de los cuales 650.000 est\u00e1n en Venezuela.<\/p>\n<p align=\"justify\">El r\u00edo desemboca en el Oc\u00e9ano Atl\u00e1ntico a trav\u00e9s de un extenso delta que cubre una superficie de 30.000 kil\u00f3metros cuadrados. En la primera secci\u00f3n de Delta, la anchura de Orinoco es de 20 km. entre San Rafael de Barrancas de Piacoa. El volumen hidr\u00e1ulico del r\u00edo est\u00e1 estrechamente relacionado con los dos estaciones de las regiones tropicales: la estaci\u00f3n lluviosa y la seca. Como consecuencia, existe una gran variaci\u00f3n en el nivel de agua cada a\u00f1o.<\/p>\n<p align=\"justify\">El volumen del flujo del R\u00edo Orinoco se incrementa a partir de abril hasta agosto, su nivel bajo desde septiembre a marzo. El pico meses de m\u00e1ximo nivel de agua y el nivel m\u00ednimo de agua son alcanzado en agosto, y en febrero y marzo, respectivamente. Debido a las fluctuaciones de nivel, el r\u00edo tiene varias caracter\u00edsticas causadas por las lluvias sobre su propia cama que tienen un promedio anual de 1000 y 2000 mm. El Orinoco es navegable en pr\u00e1cticamente toda su extensi\u00f3n, permitiendo tr\u00e1fico de barcos oce\u00e1nicos hasta Ciudad Bol\u00edvar, donde se encuentra el Puente de Angostura, a 435 km de la desembocadura.<\/p>\n<p>\t\t\t\t\t\t\t\t\t\t\t\t\t\t\t<img decoding=\"async\" width=\"680\" height=\"594\" src=\"https:\/\/ribrandt.com\/wordpress\/wp-content\/uploads\/2023\/10\/logo-fondonorma-iSO-9001-iqnet-B-ID-1-1024x894.png\" alt=\"\" loading=\"lazy\" srcset=\"https:\/\/ribrandt.com\/wordpress\/wp-content\/uploads\/2023\/10\/logo-fondonorma-iSO-9001-iqnet-B-ID-1-1024x894.png 1024w, https:\/\/ribrandt.com\/wordpress\/wp-content\/uploads\/2023\/10\/logo-fondonorma-iSO-9001-iqnet-B-ID-1-300x262.png 300w, https:\/\/ribrandt.com\/wordpress\/wp-content\/uploads\/2023\/10\/logo-fondonorma-iSO-9001-iqnet-B-ID-1-768x670.png 768w, https:\/\/ribrandt.com\/wordpress\/wp-content\/uploads\/2023\/10\/logo-fondonorma-iSO-9001-iqnet-B-ID-1.png 1100w\" sizes=\"auto, (max-width: 680px) 100vw, 680px\" \/><br \/>\n\t\t\t\t\t\t\t\t\t\t\t\t\t\t\t<img decoding=\"async\" width=\"596\" height=\"599\" src=\"https:\/\/ribrandt.com\/wordpress\/wp-content\/uploads\/2021\/11\/Captura-de-pantalla_2021-11-03_10-19-00.png\" alt=\"\" loading=\"lazy\" srcset=\"https:\/\/ribrandt.com\/wordpress\/wp-content\/uploads\/2021\/11\/Captura-de-pantalla_2021-11-03_10-19-00.png 596w, https:\/\/ribrandt.com\/wordpress\/wp-content\/uploads\/2021\/11\/Captura-de-pantalla_2021-11-03_10-19-00-298x300.png 298w, https:\/\/ribrandt.com\/wordpress\/wp-content\/uploads\/2021\/11\/Captura-de-pantalla_2021-11-03_10-19-00-150x150.png 150w\" sizes=\"auto, (max-width: 596px) 100vw, 596px\" \/><br \/>\n\t\t\t\t\t\t\t\t\t\t\t\t\t\t\t<img decoding=\"async\" width=\"680\" height=\"680\" src=\"https:\/\/ribrandt.com\/wordpress\/wp-content\/uploads\/2022\/05\/Captura-de-pantalla_2022-05-02_20-49-46.png\" alt=\"\" loading=\"lazy\" srcset=\"https:\/\/ribrandt.com\/wordpress\/wp-content\/uploads\/2022\/05\/Captura-de-pantalla_2022-05-02_20-49-46.png 896w, https:\/\/ribrandt.com\/wordpress\/wp-content\/uploads\/2022\/05\/Captura-de-pantalla_2022-05-02_20-49-46-300x300.png 300w, https:\/\/ribrandt.com\/wordpress\/wp-content\/uploads\/2022\/05\/Captura-de-pantalla_2022-05-02_20-49-46-150x150.png 150w, https:\/\/ribrandt.com\/wordpress\/wp-content\/uploads\/2022\/05\/Captura-de-pantalla_2022-05-02_20-49-46-768x768.png 768w\" sizes=\"auto, (max-width: 680px) 100vw, 680px\" \/><br \/>\n\t\t\t\t\t\t\t\t\t\t\t\t\t\t\t<img decoding=\"async\" width=\"300\" height=\"300\" src=\"https:\/\/ribrandt.com\/wordpress\/wp-content\/uploads\/2021\/11\/quality-2-6.png\" alt=\"\" loading=\"lazy\" srcset=\"https:\/\/ribrandt.com\/wordpress\/wp-content\/uploads\/2021\/11\/quality-2-6.png 300w, https:\/\/ribrandt.com\/wordpress\/wp-content\/uploads\/2021\/11\/quality-2-6-150x150.png 150w\" sizes=\"auto, (max-width: 300px) 100vw, 300px\" \/><br \/>\n\t\t\t\t\t\t\t\t\t\t\t\t\t\t\t<img decoding=\"async\" width=\"511\" height=\"88\" src=\"https:\/\/ribrandt.com\/wordpress\/wp-content\/uploads\/2024\/07\/g149578op0.png\" alt=\"\" loading=\"lazy\" srcset=\"https:\/\/ribrandt.com\/wordpress\/wp-content\/uploads\/2024\/07\/g149578op0.png 511w, https:\/\/ribrandt.com\/wordpress\/wp-content\/uploads\/2024\/07\/g149578op0-300x52.png 300w\" sizes=\"auto, (max-width: 511px) 100vw, 511px\" \/><\/p>\n\n\n<p><\/p>\n","protected":false},"excerpt":{"rendered":"<p>Ribrandt Ship&#8217;s &#038; Broker Agent El r\u00edo Orinoco es el m\u00e1s grande de Venezuela, en [&hellip;]<\/p>\n","protected":false},"author":1,"featured_media":0,"parent":0,"menu_order":0,"comment_status":"closed","ping_status":"closed","template":"template-full-width.php","meta":{"_joinchat":[],"footnotes":""},"class_list":["post-203","page","type-page","status-publish","hentry"],"yoast_head":"<!-- This site is optimized with the Yoast SEO plugin v23.2 - https:\/\/yoast.com\/wordpress\/plugins\/seo\/ -->\n<title>R\u00edo Orinoco - Ribrandt<\/title>\n<meta name=\"description\" content=\"El r\u00edo Orinoco uno de los m\u00e1s grande de Venezuela, en tercer lugar en Am\u00e9rica del Sur, el quinto en el continente americano, el noveno del mundo.\" \/>\n<meta name=\"robots\" content=\"index, follow, max-snippet:-1, max-image-preview:large, max-video-preview:-1\" \/>\n<link rel=\"canonical\" href=\"https:\/\/ribrandt.com\/wordpress\/rio-orinoco\/\" \/>\n<meta property=\"og:locale\" content=\"es_ES\" \/>\n<meta property=\"og:type\" content=\"article\" \/>\n<meta property=\"og:title\" content=\"R\u00edo Orinoco - Ribrandt\" \/>\n<meta property=\"og:description\" content=\"El r\u00edo Orinoco uno de los m\u00e1s grande de Venezuela, en tercer lugar en Am\u00e9rica del Sur, el quinto en el continente americano, el noveno del mundo.\" \/>\n<meta property=\"og:url\" content=\"https:\/\/ribrandt.com\/wordpress\/rio-orinoco\/\" \/>\n<meta property=\"og:site_name\" content=\"Ribrandt\" \/>\n<meta property=\"article:modified_time\" content=\"2024-07-27T02:36:21+00:00\" \/>\n<meta property=\"og:image\" content=\"https:\/\/ribrandt.com\/wordpress\/wp-content\/uploads\/2023\/10\/logo-fondonorma-iSO-9001-iqnet-B-ID-1-1024x894.png\" \/>\n<meta name=\"twitter:card\" content=\"summary_large_image\" \/>\n<meta name=\"twitter:label1\" content=\"Tiempo de lectura\" \/>\n\t<meta name=\"twitter:data1\" content=\"4 minutos\" \/>\n<script type=\"application\/ld+json\" class=\"yoast-schema-graph\">{\"@context\":\"https:\/\/schema.org\",\"@graph\":[{\"@type\":\"WebPage\",\"@id\":\"https:\/\/ribrandt.com\/wordpress\/rio-orinoco\/\",\"url\":\"https:\/\/ribrandt.com\/wordpress\/rio-orinoco\/\",\"name\":\"R\u00edo Orinoco - Ribrandt\",\"isPartOf\":{\"@id\":\"https:\/\/ribrandt.com\/wordpress\/#website\"},\"primaryImageOfPage\":{\"@id\":\"https:\/\/ribrandt.com\/wordpress\/rio-orinoco\/#primaryimage\"},\"image\":{\"@id\":\"https:\/\/ribrandt.com\/wordpress\/rio-orinoco\/#primaryimage\"},\"thumbnailUrl\":\"https:\/\/ribrandt.com\/wordpress\/wp-content\/uploads\/2023\/10\/logo-fondonorma-iSO-9001-iqnet-B-ID-1-1024x894.png\",\"datePublished\":\"2020-06-15T03:36:15+00:00\",\"dateModified\":\"2024-07-27T02:36:21+00:00\",\"description\":\"El r\u00edo Orinoco uno de los m\u00e1s grande de Venezuela, en tercer lugar en Am\u00e9rica del Sur, el quinto en el continente americano, el noveno del mundo.\",\"breadcrumb\":{\"@id\":\"https:\/\/ribrandt.com\/wordpress\/rio-orinoco\/#breadcrumb\"},\"inLanguage\":\"es\",\"potentialAction\":[{\"@type\":\"ReadAction\",\"target\":[\"https:\/\/ribrandt.com\/wordpress\/rio-orinoco\/\"]}]},{\"@type\":\"ImageObject\",\"inLanguage\":\"es\",\"@id\":\"https:\/\/ribrandt.com\/wordpress\/rio-orinoco\/#primaryimage\",\"url\":\"https:\/\/ribrandt.com\/wordpress\/wp-content\/uploads\/2023\/10\/logo-fondonorma-iSO-9001-iqnet-B-ID-1.png\",\"contentUrl\":\"https:\/\/ribrandt.com\/wordpress\/wp-content\/uploads\/2023\/10\/logo-fondonorma-iSO-9001-iqnet-B-ID-1.png\",\"width\":1100,\"height\":960},{\"@type\":\"BreadcrumbList\",\"@id\":\"https:\/\/ribrandt.com\/wordpress\/rio-orinoco\/#breadcrumb\",\"itemListElement\":[{\"@type\":\"ListItem\",\"position\":1,\"name\":\"Portada\",\"item\":\"https:\/\/ribrandt.com\/wordpress\/\"},{\"@type\":\"ListItem\",\"position\":2,\"name\":\"R\u00edo Orinoco\"}]},{\"@type\":\"WebSite\",\"@id\":\"https:\/\/ribrandt.com\/wordpress\/#website\",\"url\":\"https:\/\/ribrandt.com\/wordpress\/\",\"name\":\"Ribrandt\",\"description\":\"Ship&#039;s &amp; Broker Agent\",\"publisher\":{\"@id\":\"https:\/\/ribrandt.com\/wordpress\/#organization\"},\"potentialAction\":[{\"@type\":\"SearchAction\",\"target\":{\"@type\":\"EntryPoint\",\"urlTemplate\":\"https:\/\/ribrandt.com\/wordpress\/?s={search_term_string}\"},\"query-input\":\"required name=search_term_string\"}],\"inLanguage\":\"es\"},{\"@type\":\"Organization\",\"@id\":\"https:\/\/ribrandt.com\/wordpress\/#organization\",\"name\":\"Ribrandt\",\"url\":\"https:\/\/ribrandt.com\/wordpress\/\",\"logo\":{\"@type\":\"ImageObject\",\"inLanguage\":\"es\",\"@id\":\"https:\/\/ribrandt.com\/wordpress\/#\/schema\/logo\/image\/\",\"url\":\"https:\/\/ribrandt.com\/wordpress\/wp-content\/uploads\/2020\/06\/cropped-Logo-web-ribrandt-1-1.png\",\"contentUrl\":\"https:\/\/ribrandt.com\/wordpress\/wp-content\/uploads\/2020\/06\/cropped-Logo-web-ribrandt-1-1.png\",\"width\":200,\"height\":78,\"caption\":\"Ribrandt\"},\"image\":{\"@id\":\"https:\/\/ribrandt.com\/wordpress\/#\/schema\/logo\/image\/\"}}]}<\/script>\n<!-- \/ Yoast SEO plugin. -->","yoast_head_json":{"title":"R\u00edo Orinoco - Ribrandt","description":"El r\u00edo Orinoco uno de los m\u00e1s grande de Venezuela, en tercer lugar en Am\u00e9rica del Sur, el quinto en el continente americano, el noveno del mundo.","robots":{"index":"index","follow":"follow","max-snippet":"max-snippet:-1","max-image-preview":"max-image-preview:large","max-video-preview":"max-video-preview:-1"},"canonical":"https:\/\/ribrandt.com\/wordpress\/rio-orinoco\/","og_locale":"es_ES","og_type":"article","og_title":"R\u00edo Orinoco - Ribrandt","og_description":"El r\u00edo Orinoco uno de los m\u00e1s grande de Venezuela, en tercer lugar en Am\u00e9rica del Sur, el quinto en el continente americano, el noveno del mundo.","og_url":"https:\/\/ribrandt.com\/wordpress\/rio-orinoco\/","og_site_name":"Ribrandt","article_modified_time":"2024-07-27T02:36:21+00:00","og_image":[{"url":"https:\/\/ribrandt.com\/wordpress\/wp-content\/uploads\/2023\/10\/logo-fondonorma-iSO-9001-iqnet-B-ID-1-1024x894.png"}],"twitter_card":"summary_large_image","twitter_misc":{"Tiempo de lectura":"4 minutos"},"schema":{"@context":"https:\/\/schema.org","@graph":[{"@type":"WebPage","@id":"https:\/\/ribrandt.com\/wordpress\/rio-orinoco\/","url":"https:\/\/ribrandt.com\/wordpress\/rio-orinoco\/","name":"R\u00edo Orinoco - Ribrandt","isPartOf":{"@id":"https:\/\/ribrandt.com\/wordpress\/#website"},"primaryImageOfPage":{"@id":"https:\/\/ribrandt.com\/wordpress\/rio-orinoco\/#primaryimage"},"image":{"@id":"https:\/\/ribrandt.com\/wordpress\/rio-orinoco\/#primaryimage"},"thumbnailUrl":"https:\/\/ribrandt.com\/wordpress\/wp-content\/uploads\/2023\/10\/logo-fondonorma-iSO-9001-iqnet-B-ID-1-1024x894.png","datePublished":"2020-06-15T03:36:15+00:00","dateModified":"2024-07-27T02:36:21+00:00","description":"El r\u00edo Orinoco uno de los m\u00e1s grande de Venezuela, en tercer lugar en Am\u00e9rica del Sur, el quinto en el continente americano, el noveno del mundo.","breadcrumb":{"@id":"https:\/\/ribrandt.com\/wordpress\/rio-orinoco\/#breadcrumb"},"inLanguage":"es","potentialAction":[{"@type":"ReadAction","target":["https:\/\/ribrandt.com\/wordpress\/rio-orinoco\/"]}]},{"@type":"ImageObject","inLanguage":"es","@id":"https:\/\/ribrandt.com\/wordpress\/rio-orinoco\/#primaryimage","url":"https:\/\/ribrandt.com\/wordpress\/wp-content\/uploads\/2023\/10\/logo-fondonorma-iSO-9001-iqnet-B-ID-1.png","contentUrl":"https:\/\/ribrandt.com\/wordpress\/wp-content\/uploads\/2023\/10\/logo-fondonorma-iSO-9001-iqnet-B-ID-1.png","width":1100,"height":960},{"@type":"BreadcrumbList","@id":"https:\/\/ribrandt.com\/wordpress\/rio-orinoco\/#breadcrumb","itemListElement":[{"@type":"ListItem","position":1,"name":"Portada","item":"https:\/\/ribrandt.com\/wordpress\/"},{"@type":"ListItem","position":2,"name":"R\u00edo Orinoco"}]},{"@type":"WebSite","@id":"https:\/\/ribrandt.com\/wordpress\/#website","url":"https:\/\/ribrandt.com\/wordpress\/","name":"Ribrandt","description":"Ship&#039;s &amp; Broker Agent","publisher":{"@id":"https:\/\/ribrandt.com\/wordpress\/#organization"},"potentialAction":[{"@type":"SearchAction","target":{"@type":"EntryPoint","urlTemplate":"https:\/\/ribrandt.com\/wordpress\/?s={search_term_string}"},"query-input":"required name=search_term_string"}],"inLanguage":"es"},{"@type":"Organization","@id":"https:\/\/ribrandt.com\/wordpress\/#organization","name":"Ribrandt","url":"https:\/\/ribrandt.com\/wordpress\/","logo":{"@type":"ImageObject","inLanguage":"es","@id":"https:\/\/ribrandt.com\/wordpress\/#\/schema\/logo\/image\/","url":"https:\/\/ribrandt.com\/wordpress\/wp-content\/uploads\/2020\/06\/cropped-Logo-web-ribrandt-1-1.png","contentUrl":"https:\/\/ribrandt.com\/wordpress\/wp-content\/uploads\/2020\/06\/cropped-Logo-web-ribrandt-1-1.png","width":200,"height":78,"caption":"Ribrandt"},"image":{"@id":"https:\/\/ribrandt.com\/wordpress\/#\/schema\/logo\/image\/"}}]}},"_links":{"self":[{"href":"https:\/\/ribrandt.com\/wordpress\/wp-json\/wp\/v2\/pages\/203","targetHints":{"allow":["GET"]}}],"collection":[{"href":"https:\/\/ribrandt.com\/wordpress\/wp-json\/wp\/v2\/pages"}],"about":[{"href":"https:\/\/ribrandt.com\/wordpress\/wp-json\/wp\/v2\/types\/page"}],"author":[{"embeddable":true,"href":"https:\/\/ribrandt.com\/wordpress\/wp-json\/wp\/v2\/users\/1"}],"replies":[{"embeddable":true,"href":"https:\/\/ribrandt.com\/wordpress\/wp-json\/wp\/v2\/comments?post=203"}],"version-history":[{"count":16,"href":"https:\/\/ribrandt.com\/wordpress\/wp-json\/wp\/v2\/pages\/203\/revisions"}],"predecessor-version":[{"id":1212,"href":"https:\/\/ribrandt.com\/wordpress\/wp-json\/wp\/v2\/pages\/203\/revisions\/1212"}],"wp:attachment":[{"href":"https:\/\/ribrandt.com\/wordpress\/wp-json\/wp\/v2\/media?parent=203"}],"curies":[{"name":"wp","href":"https:\/\/api.w.org\/{rel}","templated":true}]}}